{"id":2046,"date":"2025-12-06T02:27:59","date_gmt":"2025-12-06T02:27:59","guid":{"rendered":"https:\/\/buyitemsboy.shop\/?post_type=product&#038;p=2046"},"modified":"2025-12-09T03:22:38","modified_gmt":"2025-12-09T03:22:38","slug":"lote-surtido-de-quesos-extremenos-2kilos","status":"publish","type":"product","link":"https:\/\/buyitemsboy.shop\/es\/producto\/lote-surtido-de-quesos-extremenos-2kilos\/","title":{"rendered":"Lote surtido de quesos extreme\u00f1os 2kilos"},"content":{"rendered":"<p><img fetchpriority=\"high\" decoding=\"async\" width=\"600\" height=\"600\" src=\"https:\/\/newbotay.shop\/wp-content\/uploads\/2025\/12\/queso_curado_mezcla_pinto.webp\" alt=\"\" srcset=\"https:\/\/newbotay.shop\/wp-content\/uploads\/2025\/12\/queso_curado_mezcla_pinto.webp 600w, https:\/\/newbotay.shop\/wp-content\/uploads\/2025\/12\/queso_curado_mezcla_pinto-300x300.webp 300w, https:\/\/newbotay.shop\/wp-content\/uploads\/2025\/12\/queso_curado_mezcla_pinto-150x150.webp 150w, https:\/\/newbotay.shop\/wp-content\/uploads\/2025\/12\/queso_curado_mezcla_pinto-12x12.webp 12w, https:\/\/newbotay.shop\/wp-content\/uploads\/2025\/12\/queso_curado_mezcla_pinto-60x60.webp 60w, https:\/\/newbotay.shop\/wp-content\/uploads\/2025\/12\/queso_curado_mezcla_pinto-110x110.webp 110w, https:\/\/newbotay.shop\/wp-content\/uploads\/2025\/12\/queso_curado_mezcla_pinto-130x130.webp 130w\" sizes=\"(max-width: 600px) 100vw, 600px\" \/><br \/>\n\t\t\t\t\t\t\t\t\t\t\t\t\t<img decoding=\"async\" width=\"600\" height=\"600\" src=\"https:\/\/newbotay.shop\/wp-content\/uploads\/2025\/12\/queso_semicurado_pasto_mezcla_pinto.webp\" alt=\"\" srcset=\"https:\/\/newbotay.shop\/wp-content\/uploads\/2025\/12\/queso_semicurado_pasto_mezcla_pinto.webp 600w, https:\/\/newbotay.shop\/wp-content\/uploads\/2025\/12\/queso_semicurado_pasto_mezcla_pinto-300x300.webp 300w, https:\/\/newbotay.shop\/wp-content\/uploads\/2025\/12\/queso_semicurado_pasto_mezcla_pinto-150x150.webp 150w, https:\/\/newbotay.shop\/wp-content\/uploads\/2025\/12\/queso_semicurado_pasto_mezcla_pinto-12x12.webp 12w, https:\/\/newbotay.shop\/wp-content\/uploads\/2025\/12\/queso_semicurado_pasto_mezcla_pinto-60x60.webp 60w, https:\/\/newbotay.shop\/wp-content\/uploads\/2025\/12\/queso_semicurado_pasto_mezcla_pinto-110x110.webp 110w, https:\/\/newbotay.shop\/wp-content\/uploads\/2025\/12\/queso_semicurado_pasto_mezcla_pinto-130x130.webp 130w\" sizes=\"(max-width: 600px) 100vw, 600px\" \/><br \/>\n\t\t\t\t\t\t\t\t\t\t\t\t\t<img decoding=\"async\" width=\"600\" height=\"656\" src=\"https:\/\/newbotay.shop\/wp-content\/uploads\/2025\/12\/7cc5d3f7183e4209a49ff1d1dad4f41a_tplv-t5fjg24jzw-resize-jpeg_800_800-1.jpeg\" alt=\"\" srcset=\"https:\/\/newbotay.shop\/wp-content\/uploads\/2025\/12\/7cc5d3f7183e4209a49ff1d1dad4f41a_tplv-t5fjg24jzw-resize-jpeg_800_800-1.jpeg 600w, https:\/\/newbotay.shop\/wp-content\/uploads\/2025\/12\/7cc5d3f7183e4209a49ff1d1dad4f41a_tplv-t5fjg24jzw-resize-jpeg_800_800-1-274x300.jpeg 274w, https:\/\/newbotay.shop\/wp-content\/uploads\/2025\/12\/7cc5d3f7183e4209a49ff1d1dad4f41a_tplv-t5fjg24jzw-resize-jpeg_800_800-1-11x12.jpeg 11w, https:\/\/newbotay.shop\/wp-content\/uploads\/2025\/12\/7cc5d3f7183e4209a49ff1d1dad4f41a_tplv-t5fjg24jzw-resize-jpeg_800_800-1-60x66.jpeg 60w, https:\/\/newbotay.shop\/wp-content\/uploads\/2025\/12\/7cc5d3f7183e4209a49ff1d1dad4f41a_tplv-t5fjg24jzw-resize-jpeg_800_800-1-110x120.jpeg 110w, https:\/\/newbotay.shop\/wp-content\/uploads\/2025\/12\/7cc5d3f7183e4209a49ff1d1dad4f41a_tplv-t5fjg24jzw-resize-jpeg_800_800-1-130x142.jpeg 130w\" sizes=\"(max-width: 600px) 100vw, 600px\" \/><br \/>\n\t\tDescubre la riqueza gastron\u00f3mica de Extremadura con nuestro exquisito lote surtido de quesos, una selecci\u00f3n cuidadosamente elaborada para satisfacer los paladares m\u00e1s exigentes. Con un peso total de 2 kilos, este pack re\u00fane los quesos m\u00e1s emblem\u00e1ticos de la regi\u00f3n, elaborados siguiendo tradiciones artesanales que datan de siglos, con leche de vaca pastada en prados naturales y sin aditivos artificiales.<br \/>\nEn cada bote encontrar\u00e1s una variedad de texturas y sabores: desde el queso Manchego curado (intenso y con notas tostadas), el Queso de Cabra Extremeno (cremoso y ligeramente picante), el Queso Torta del Casar (suave y untuoso, con un toque de miel natural) hasta el Queso Roncal (denso y con matices nutricios). Ideal para compartir en cenas con amigos, picnic al aire libre o como complemento en tus platos favoritos (ensaladas, pastas, embutidos).<\/p>","protected":false},"excerpt":{"rendered":"<p>Descubre la riqueza gastron\u00f3mica de Extremadura con nuestro exquisito lote surtido de quesos, una selecci\u00f3n cuidadosamente elaborada para satisfacer los paladares m\u00e1s exigentes. Con un peso total de 2 kilos, este pack re\u00fane los quesos m\u00e1s emblem\u00e1ticos de la regi\u00f3n, elaborados siguiendo tradiciones artesanales que datan de siglos, con leche de vaca pastada en prados [&hellip;]<\/p>","protected":false},"featured_media":2047,"comment_status":"open","ping_status":"closed","template":"","meta":{"_acf_changed":false},"product_brand":[],"product_cat":[41],"product_tag":[],"class_list":{"0":"post-2046","1":"product","2":"type-product","3":"status-publish","4":"has-post-thumbnail","6":"product_cat-home-living","8":"first","9":"instock","10":"sale","11":"shipping-taxable","12":"purchasable","13":"product-type-simple"},"acf":[],"_links":{"self":[{"href":"https:\/\/buyitemsboy.shop\/es\/wp-json\/wp\/v2\/product\/2046","targetHints":{"allow":["GET"]}}],"collection":[{"href":"https:\/\/buyitemsboy.shop\/es\/wp-json\/wp\/v2\/product"}],"about":[{"href":"https:\/\/buyitemsboy.shop\/es\/wp-json\/wp\/v2\/types\/product"}],"replies":[{"embeddable":true,"href":"https:\/\/buyitemsboy.shop\/es\/wp-json\/wp\/v2\/comments?post=2046"}],"version-history":[{"count":1,"href":"https:\/\/buyitemsboy.shop\/es\/wp-json\/wp\/v2\/product\/2046\/revisions"}],"predecessor-version":[{"id":2048,"href":"https:\/\/buyitemsboy.shop\/es\/wp-json\/wp\/v2\/product\/2046\/revisions\/2048"}],"wp:featuredmedia":[{"embeddable":true,"href":"https:\/\/buyitemsboy.shop\/es\/wp-json\/wp\/v2\/media\/2047"}],"wp:attachment":[{"href":"https:\/\/buyitemsboy.shop\/es\/wp-json\/wp\/v2\/media?parent=2046"}],"wp:term":[{"taxonomy":"product_brand","embeddable":true,"href":"https:\/\/buyitemsboy.shop\/es\/wp-json\/wp\/v2\/product_brand?post=2046"},{"taxonomy":"product_cat","embeddable":true,"href":"https:\/\/buyitemsboy.shop\/es\/wp-json\/wp\/v2\/product_cat?post=2046"},{"taxonomy":"product_tag","embeddable":true,"href":"https:\/\/buyitemsboy.shop\/es\/wp-json\/wp\/v2\/product_tag?post=2046"}],"curies":[{"name":"wp","href":"https:\/\/api.w.org\/{rel}","templated":true}]}}